{"id":80,"date":"2020-02-17T00:38:44","date_gmt":"2020-02-16T23:38:44","guid":{"rendered":"http:\/\/la-continuite-devoilee.com\/?page_id=80"},"modified":"2020-02-17T00:38:45","modified_gmt":"2020-02-16T23:38:45","slug":"le-contact-le-dialogue-disponible-a-travers-la-continuite","status":"publish","type":"page","link":"https:\/\/la-continuite-devoilee.com\/index.php\/le-contact-le-dialogue-disponible-a-travers-la-continuite\/","title":{"rendered":"LE CONTACT"},"content":{"rendered":"\n<figure class=\"wp-block-image size-large is-resized\"><img loading=\"lazy\" decoding=\"async\" src=\"http:\/\/la-continuite-devoilee.com\/wp-content\/uploads\/2020\/02\/Photo_LIVRE_ContactDialogue_SANFON_K.gif\" alt=\"\" class=\"wp-image-286\" width=\"438\" height=\"545\"\/><\/figure>\n\n\n\n<p><\/p>\n\n\n\n<p><\/p>\n\n\n\n<p>LE CONTACT <br>LE DIALOGUE <br>DISPONIBLES <br>\u00c0 TRAVERS <br>LA CONTINUIT\u00c9<\/p>\n\n\n\n<p><strong>Ces textes r\u00e9pondent&nbsp;<\/strong><br><strong> \u00e0 une volont\u00e9 de permettre <\/strong><br><strong>la compr\u00e9hension <\/strong><br><strong>du contexte actuel<\/strong><br><strong>et de son organisation <\/strong><br><strong>\u00e0 travers la Continuit\u00e9.<\/strong><\/p>\n\n\n\n<p><strong>Ils sont donn\u00e9s<\/strong><br><strong> pour servir <\/strong><br><strong>de guide d\u2019orientation, <\/strong><br><strong>de ligne de conduite,<\/strong><br><strong> afin d&rsquo;organiser<\/strong><br><strong> votre \u00e9volution personnelle <\/strong><br><strong>et vous permettre <\/strong><br><strong>de rentrer en contact <\/strong><br><strong>avec vos \u00e2mes guides <\/strong><br><strong>ainsi que  les ANGES.<\/strong><\/p>\n\n\n\n<p><\/p>\n\n\n\n<p><strong><em>L\u2019intention&nbsp; du d\u00e9voilement <\/em><br><em>de notre Continuit\u00e9 <br> par la diffusion de ces messages <br> est de donner acc\u00e8s,<\/em><\/strong><br><strong><em> pour chacun, directement,<br> \u00e0 une perception personnelle <\/em><br><em>de cette Continuit\u00e9 <br> existante \u00e0 travers <br> tous les mondes,<\/em><br>tous<em> les temps,<\/em><br>tous <em> les passages. <\/em><\/strong><br><strong><em><br> Gr\u00e2ce \u00e0 ces textes donn\u00e9s, <br> la Continuit\u00e9, <\/em><\/strong><br><strong><em>sa raison, son but <br> deviennent compr\u00e9hension personnelle. <\/em><\/strong><br><strong><em><br> L\u2019approche personnelle <\/em><\/strong><br><strong><em>directe sans interm\u00e9diaire <br> autre que nous, <\/em><\/strong><br><strong><em>vos \u00e2mes guides,<br> rend ainsi abordable <\/em><br><em>la seule notion essentielle : <\/em><\/strong><br><strong><em><br> comprendre votre place <\/em><br><em>dans l\u2019exp\u00e9rience en cours, <br> pour vouloir vous ins\u00e9rer <br> dans la construction existante, <\/em><\/strong><br><strong><em><br> pour vouloir aider tout \u00eatre, <\/em><\/strong><br><strong><em><br> pour vouloir aider cette exp\u00e9rience <br> \u00e0 pouvoir perdurer, <\/em><\/strong><br><strong><em><br> pour y trouver aboutissement<br> pour&nbsp; d\u00e9sirer \u00eatre de cette Continuit\u00e9.<\/em><\/strong><br><\/p>\n\n\n\n<p><\/p>\n\n\n\n<h2 class=\"wp-block-heading\"><\/h2>\n\n\n\n<figure class=\"wp-block-image size-large is-resized\"><img loading=\"lazy\" decoding=\"async\" src=\"http:\/\/la-continuite-devoilee.com\/wp-content\/uploads\/2020\/02\/BASE_LOGO_DIALOG_AvecLiaisons_FOND_FonNOIR_RVB_12x12_1Calq_K.jpg\" alt=\"\" class=\"wp-image-292\" width=\"534\" height=\"534\" srcset=\"https:\/\/la-continuite-devoilee.com\/wp-content\/uploads\/2020\/02\/BASE_LOGO_DIALOG_AvecLiaisons_FOND_FonNOIR_RVB_12x12_1Calq_K.jpg 340w, https:\/\/la-continuite-devoilee.com\/wp-content\/uploads\/2020\/02\/BASE_LOGO_DIALOG_AvecLiaisons_FOND_FonNOIR_RVB_12x12_1Calq_K-300x300.jpg 300w, https:\/\/la-continuite-devoilee.com\/wp-content\/uploads\/2020\/02\/BASE_LOGO_DIALOG_AvecLiaisons_FOND_FonNOIR_RVB_12x12_1Calq_K-150x150.jpg 150w, https:\/\/la-continuite-devoilee.com\/wp-content\/uploads\/2020\/02\/BASE_LOGO_DIALOG_AvecLiaisons_FOND_FonNOIR_RVB_12x12_1Calq_K-100x100.jpg 100w\" sizes=\"auto, (max-width: 534px) 100vw, 534px\" \/><\/figure>\n\n\n\n<p>TEXTE INT\u00c9GRAL EN LIGNE<br> DU LIVRE <br>LE CONTACT <br>LE DIALOGUE <br>DISPONIBLES <br>\u00c0 TRAVERS <br>LA CONTINUIT\u00c9<\/p>\n\n\n\n<p><\/p>\n\n\n\n<p><a href=\"http:\/\/www.la-continuite-devoilee.org\/1_CONSULTER\/1_Livre_Contact.html\">http:\/\/www.la-continuite-devoilee.org\/1_CONSULTER\/1_Livre_Contact.html<\/a><\/p>\n","protected":false},"excerpt":{"rendered":"<p>LE CONTACT LE DIALOGUE DISPONIBLES \u00c0 TRAVERS LA CONTINUIT\u00c9 Ces textes r\u00e9pondent&nbsp; \u00e0 une volont\u00e9 de permettre la compr\u00e9hension du contexte actuelet de son organisation \u00e0 travers la Continuit\u00e9. Ils sont donn\u00e9s pour servir de guide d\u2019orientation, de ligne de conduite, afin d&rsquo;organiser votre \u00e9volution personnelle et vous permettre de rentrer en contact avec vos &hellip; <\/p>\n<p class=\"link-more\"><a href=\"https:\/\/la-continuite-devoilee.com\/index.php\/le-contact-le-dialogue-disponible-a-travers-la-continuite\/\" class=\"more-link\">Continuer la lecture<span class=\"screen-reader-text\"> de &laquo;&nbsp;LE CONTACT&nbsp;&raquo;<\/span><\/a><\/p>\n","protected":false},"author":1,"featured_media":0,"parent":0,"menu_order":0,"comment_status":"closed","ping_status":"closed","template":"","meta":{"footnotes":""},"class_list":["post-80","page","type-page","status-publish","hentry"],"_links":{"self":[{"href":"https:\/\/la-continuite-devoilee.com\/index.php\/wp-json\/wp\/v2\/pages\/80","targetHints":{"allow":["GET"]}}],"collection":[{"href":"https:\/\/la-continuite-devoilee.com\/index.php\/wp-json\/wp\/v2\/pages"}],"about":[{"href":"https:\/\/la-continuite-devoilee.com\/index.php\/wp-json\/wp\/v2\/types\/page"}],"author":[{"embeddable":true,"href":"https:\/\/la-continuite-devoilee.com\/index.php\/wp-json\/wp\/v2\/users\/1"}],"replies":[{"embeddable":true,"href":"https:\/\/la-continuite-devoilee.com\/index.php\/wp-json\/wp\/v2\/comments?post=80"}],"version-history":[{"count":18,"href":"https:\/\/la-continuite-devoilee.com\/index.php\/wp-json\/wp\/v2\/pages\/80\/revisions"}],"predecessor-version":[{"id":328,"href":"https:\/\/la-continuite-devoilee.com\/index.php\/wp-json\/wp\/v2\/pages\/80\/revisions\/328"}],"wp:attachment":[{"href":"https:\/\/la-continuite-devoilee.com\/index.php\/wp-json\/wp\/v2\/media?parent=80"}],"curies":[{"name":"wp","href":"https:\/\/api.w.org\/{rel}","templated":true}]}}