{"id":77,"date":"2020-02-15T19:33:23","date_gmt":"2020-02-15T18:33:23","guid":{"rendered":"http:\/\/la-continuite-devoilee.com\/?page_id=77"},"modified":"2022-12-20T18:11:19","modified_gmt":"2022-12-20T17:11:19","slug":"la-revelation-de-lessentiel","status":"publish","type":"page","link":"https:\/\/la-continuite-devoilee.com\/index.php\/la-revelation-de-lessentiel\/","title":{"rendered":"LA R\u00c9V\u00c9LATION DE L&rsquo;ESSENTIEL"},"content":{"rendered":"\n<p><\/p>\n\n\n\n<p><\/p>\n\n\n\n<figure class=\"wp-block-image size-large is-resized\"><img loading=\"lazy\" decoding=\"async\" src=\"http:\/\/la-continuite-devoilee.com\/wp-content\/uploads\/2020\/02\/VISUEL_LIVRE_REVELATION_ESSENTIEL_k.jpg\" alt=\"livre la r\u00e9v\u00e9lation de l'essentiel\" class=\"wp-image-115\" width=\"242\" height=\"387\" srcset=\"https:\/\/la-continuite-devoilee.com\/wp-content\/uploads\/2020\/02\/VISUEL_LIVRE_REVELATION_ESSENTIEL_k.jpg 196w, https:\/\/la-continuite-devoilee.com\/wp-content\/uploads\/2020\/02\/VISUEL_LIVRE_REVELATION_ESSENTIEL_k-188x300.jpg 188w\" sizes=\"auto, (max-width: 242px) 100vw, 242px\" \/><\/figure>\n\n\n\n<p>&nbsp;<strong>Nous, \u00e2mes guides, <\/strong><br><strong>vous d\u00e9livrons par ces messages, <\/strong><br><strong>dont la port\u00e9e <\/strong><br><strong>est sans nul doute essentielle,<\/strong><br><strong> une suite d\u2019informations<\/strong><br><strong> portant sur notre monde <\/strong><br><strong>et sur votre contexte.<\/strong><\/p>\n\n\n\n<p><strong>Ces r\u00e9v\u00e9lations donn\u00e9es<\/strong><br><strong> constituent un guide <\/strong><br><strong>\u00e0 travers la <em>Continuit\u00e9 <\/em><\/strong><br><strong>qui nous unit. <\/strong><\/p>\n\n\n\n<p><br><strong>Il s\u2019agit dans ce premier texte,<\/strong><br><strong> de vous amener \u00e0 aborder <\/strong><br><strong>diff\u00e9rentes notions <\/strong><br><strong>qui feront chacune<\/strong><br><strong> l\u2019objet d\u2019ouvrages ult\u00e9rieurs.&nbsp;<\/strong><\/p>\n\n\n\n<p><strong>Il s\u2019agit ici <\/strong><br><strong>d\u2019exposer les bases n\u00e9cessaires <\/strong><br><strong>\u00e0 la compr\u00e9hension <\/strong><br><strong>de l\u2019organisation de votre contexte, <\/strong><br><strong>\u00e0 celle de la raison d\u2019\u00eatre <\/strong><br><strong>de votre existence,<\/strong><br><strong>\u00e0 la d\u00e9couverte de notre aide<\/strong><br><strong>et dans quel but elle est apport\u00e9e.&nbsp;<\/strong><\/p>\n\n\n\n<p><\/p>\n\n\n\n<figure class=\"wp-block-image size-large is-resized\"><img loading=\"lazy\" decoding=\"async\" src=\"http:\/\/la-continuite-devoilee.com\/wp-content\/uploads\/2020\/02\/VISUEL_LIVRE_REVELATION_ESSENTIEL_UNE_K2.png\" alt=\"\" class=\"wp-image-296\" width=\"351\" height=\"585\" srcset=\"https:\/\/la-continuite-devoilee.com\/wp-content\/uploads\/2020\/02\/VISUEL_LIVRE_REVELATION_ESSENTIEL_UNE_K2.png 232w, https:\/\/la-continuite-devoilee.com\/wp-content\/uploads\/2020\/02\/VISUEL_LIVRE_REVELATION_ESSENTIEL_UNE_K2-180x300.png 180w\" sizes=\"auto, (max-width: 351px) 100vw, 351px\" \/><\/figure>\n\n\n\n<p>TEXTE INT\u00c9GRAL DU LIVRE<br> LA R\u00c9V\u00c9LATION DE L&rsquo;ESSENTIEL<\/p>\n\n\n\n<p><\/p>\n\n\n\n<p><a href=\"http:\/\/www.la-continuite-devoilee.org\/1_CONSULTER\/1_Livre_RevEss.html\" target=\"_blank\" rel=\"noreferrer noopener\" aria-label=\"http:\/\/www.la-continuite-devoilee.org\/1_CONSULTER\/1_Livre_RevEss.html (s\u2019ouvre dans un nouvel onglet)\">http:\/\/www.la-continuite-devoilee.org\/1_CONSULTER\/1_Livre_RevEss.html<\/a><br><\/p>\n","protected":false},"excerpt":{"rendered":"<p>&nbsp;Nous, \u00e2mes guides, vous d\u00e9livrons par ces messages, dont la port\u00e9e est sans nul doute essentielle, une suite d\u2019informations portant sur notre monde et sur votre contexte. Ces r\u00e9v\u00e9lations donn\u00e9es constituent un guide \u00e0 travers la Continuit\u00e9 qui nous unit. Il s\u2019agit dans ce premier texte, de vous amener \u00e0 aborder diff\u00e9rentes notions qui feront &hellip; <\/p>\n<p class=\"link-more\"><a href=\"https:\/\/la-continuite-devoilee.com\/index.php\/la-revelation-de-lessentiel\/\" class=\"more-link\">Continuer la lecture<span class=\"screen-reader-text\"> de &laquo;&nbsp;LA R\u00c9V\u00c9LATION DE L&rsquo;ESSENTIEL&nbsp;&raquo;<\/span><\/a><\/p>\n","protected":false},"author":1,"featured_media":0,"parent":0,"menu_order":0,"comment_status":"closed","ping_status":"closed","template":"","meta":{"footnotes":""},"class_list":["post-77","page","type-page","status-publish","hentry"],"_links":{"self":[{"href":"https:\/\/la-continuite-devoilee.com\/index.php\/wp-json\/wp\/v2\/pages\/77","targetHints":{"allow":["GET"]}}],"collection":[{"href":"https:\/\/la-continuite-devoilee.com\/index.php\/wp-json\/wp\/v2\/pages"}],"about":[{"href":"https:\/\/la-continuite-devoilee.com\/index.php\/wp-json\/wp\/v2\/types\/page"}],"author":[{"embeddable":true,"href":"https:\/\/la-continuite-devoilee.com\/index.php\/wp-json\/wp\/v2\/users\/1"}],"replies":[{"embeddable":true,"href":"https:\/\/la-continuite-devoilee.com\/index.php\/wp-json\/wp\/v2\/comments?post=77"}],"version-history":[{"count":12,"href":"https:\/\/la-continuite-devoilee.com\/index.php\/wp-json\/wp\/v2\/pages\/77\/revisions"}],"predecessor-version":[{"id":998,"href":"https:\/\/la-continuite-devoilee.com\/index.php\/wp-json\/wp\/v2\/pages\/77\/revisions\/998"}],"wp:attachment":[{"href":"https:\/\/la-continuite-devoilee.com\/index.php\/wp-json\/wp\/v2\/media?parent=77"}],"curies":[{"name":"wp","href":"https:\/\/api.w.org\/{rel}","templated":true}]}}