{"id":446,"date":"2020-02-25T12:31:25","date_gmt":"2020-02-25T11:31:25","guid":{"rendered":"http:\/\/la-continuite-devoilee.com\/?page_id=446"},"modified":"2020-02-25T12:31:52","modified_gmt":"2020-02-25T11:31:52","slug":"temoignages-continuite","status":"publish","type":"page","link":"https:\/\/la-continuite-devoilee.com\/index.php\/temoignages-continuite\/","title":{"rendered":"T\u00c9MOIGNAGES \/ CONTINUIT\u00c9"},"content":{"rendered":"\n<figure class=\"wp-block-image\"><img decoding=\"async\" src=\"http:\/\/la-continuite-devoilee.com\/wp-content\/uploads\/2020\/02\/J_TEMOIGNAGE-SEUL_K3.png\" alt=\"L\u2019attribut alt de cette image est vide, son nom de fichier est J_TEMOIGNAGE-SEUL_K3.png.\"\/><\/figure>\n\n\n\n<p class=\"has-text-color has-luminous-vivid-amber-color\">LA CONTINUIT\u00c9 DE L&rsquo;AMOUR D\u00c9VOIL\u00c9E.<\/p>\n\n\n\n<figure class=\"wp-block-image size-large is-resized\"><img loading=\"lazy\" decoding=\"async\" src=\"http:\/\/la-continuite-devoilee.com\/wp-content\/uploads\/2020\/02\/TEMOIGNER_CONTINUITE_k.jpg\" alt=\"\" class=\"wp-image-418\" width=\"898\" height=\"409\" srcset=\"https:\/\/la-continuite-devoilee.com\/wp-content\/uploads\/2020\/02\/TEMOIGNER_CONTINUITE_k.jpg 560w, https:\/\/la-continuite-devoilee.com\/wp-content\/uploads\/2020\/02\/TEMOIGNER_CONTINUITE_k-300x137.jpg 300w\" sizes=\"auto, (max-width: 767px) 89vw, (max-width: 1000px) 54vw, (max-width: 1071px) 543px, 580px\" \/><\/figure>\n\n\n\n<p class=\"has-text-color has-vivid-green-cyan-color\"><strong>\u2022 XXXXX<\/strong><\/p>\n","protected":false},"excerpt":{"rendered":"<p>LA CONTINUIT\u00c9 DE L&rsquo;AMOUR D\u00c9VOIL\u00c9E. \u2022 XXXXX<\/p>\n","protected":false},"author":1,"featured_media":0,"parent":0,"menu_order":0,"comment_status":"closed","ping_status":"closed","template":"","meta":{"footnotes":""},"class_list":["post-446","page","type-page","status-publish","hentry"],"_links":{"self":[{"href":"https:\/\/la-continuite-devoilee.com\/index.php\/wp-json\/wp\/v2\/pages\/446","targetHints":{"allow":["GET"]}}],"collection":[{"href":"https:\/\/la-continuite-devoilee.com\/index.php\/wp-json\/wp\/v2\/pages"}],"about":[{"href":"https:\/\/la-continuite-devoilee.com\/index.php\/wp-json\/wp\/v2\/types\/page"}],"author":[{"embeddable":true,"href":"https:\/\/la-continuite-devoilee.com\/index.php\/wp-json\/wp\/v2\/users\/1"}],"replies":[{"embeddable":true,"href":"https:\/\/la-continuite-devoilee.com\/index.php\/wp-json\/wp\/v2\/comments?post=446"}],"version-history":[{"count":2,"href":"https:\/\/la-continuite-devoilee.com\/index.php\/wp-json\/wp\/v2\/pages\/446\/revisions"}],"predecessor-version":[{"id":450,"href":"https:\/\/la-continuite-devoilee.com\/index.php\/wp-json\/wp\/v2\/pages\/446\/revisions\/450"}],"wp:attachment":[{"href":"https:\/\/la-continuite-devoilee.com\/index.php\/wp-json\/wp\/v2\/media?parent=446"}],"curies":[{"name":"wp","href":"https:\/\/api.w.org\/{rel}","templated":true}]}}