{"id":436,"date":"2020-02-25T12:14:56","date_gmt":"2020-02-25T11:14:56","guid":{"rendered":"http:\/\/la-continuite-devoilee.com\/?page_id=436"},"modified":"2020-02-25T12:23:47","modified_gmt":"2020-02-25T11:23:47","slug":"temoigner-paroles-darbres-de-plantes","status":"publish","type":"page","link":"https:\/\/la-continuite-devoilee.com\/index.php\/temoigner-paroles-darbres-de-plantes\/","title":{"rendered":"T\u00c9MOIGNAGES \/ ARBRES PLANTES"},"content":{"rendered":"\n<figure class=\"wp-block-image\"><img decoding=\"async\" src=\"http:\/\/la-continuite-devoilee.com\/wp-content\/uploads\/2020\/02\/J_TEMOIGNAGE-SEUL_K3.png\" alt=\"L\u2019attribut alt de cette image est vide, son nom de fichier est J_TEMOIGNAGE-SEUL_K3.png.\"\/><\/figure>\n\n\n\n<p class=\"has-text-color has-luminous-vivid-amber-color\">PAROLES D&rsquo;ARBRES, DE PLANTES\u2026..<\/p>\n\n\n\n<p><\/p>\n\n\n\n<figure class=\"wp-block-image\"><img decoding=\"async\" src=\"http:\/\/la-continuite-devoilee.com\/wp-content\/uploads\/2020\/02\/TEMOIGNER_OUVERTURE_k.jpg\" alt=\"L\u2019attribut alt de cette image est vide, son nom de fichier est TEMOIGNER_OUVERTURE_k.jpg.\"\/><figcaption>\ufeff<\/figcaption><\/figure>\n\n\n\n<p class=\"has-text-color has-vivid-green-cyan-color\"><strong>\u2022 BRUNO  V.<\/strong><br><\/p>\n\n\n\n<p>C\u2019est vrai que j\u2019ai plut\u00f4t tendance \u00e0 parler <br>avec les animaux <br> mais il m\u2019arrive de par mon m\u00e9tier de r\u00e9alisateur de films animalier, de me trouver dans des endroits sauvages o\u00f9 la puissance de la nature s\u2019impose et me fait ressentir une impression de pl\u00e9nitude et de bien \u00eatre.&nbsp;<\/p>\n\n\n\n<p>Dans ces moments je suis comme \u00e0 l\u2019\u00e9coute dans  un monde particulier et je me sens recharg\u00e9 et plein de gratitude dans une ambiance o\u00f9 tout semble \u00e0 sa place et immuable\u2026<br><br> C\u2019est peut \u00eatre la pr\u00e9sence des arbres, <br>de la steppe, du d\u00e9sert, du vent \u2026<\/p>\n\n\n\n<p><\/p>\n","protected":false},"excerpt":{"rendered":"<p>PAROLES D&rsquo;ARBRES, DE PLANTES\u2026.. \u2022 BRUNO V. C\u2019est vrai que j\u2019ai plut\u00f4t tendance \u00e0 parler avec les animaux mais il m\u2019arrive de par mon m\u00e9tier de r\u00e9alisateur de films animalier, de me trouver dans des endroits sauvages o\u00f9 la puissance de la nature s\u2019impose et me fait ressentir une impression de pl\u00e9nitude et de bien &hellip; <\/p>\n<p class=\"link-more\"><a href=\"https:\/\/la-continuite-devoilee.com\/index.php\/temoigner-paroles-darbres-de-plantes\/\" class=\"more-link\">Continuer la lecture<span class=\"screen-reader-text\"> de &laquo;&nbsp;T\u00c9MOIGNAGES \/ ARBRES PLANTES&nbsp;&raquo;<\/span><\/a><\/p>\n","protected":false},"author":1,"featured_media":0,"parent":0,"menu_order":0,"comment_status":"closed","ping_status":"closed","template":"","meta":{"footnotes":""},"class_list":["post-436","page","type-page","status-publish","hentry"],"_links":{"self":[{"href":"https:\/\/la-continuite-devoilee.com\/index.php\/wp-json\/wp\/v2\/pages\/436","targetHints":{"allow":["GET"]}}],"collection":[{"href":"https:\/\/la-continuite-devoilee.com\/index.php\/wp-json\/wp\/v2\/pages"}],"about":[{"href":"https:\/\/la-continuite-devoilee.com\/index.php\/wp-json\/wp\/v2\/types\/page"}],"author":[{"embeddable":true,"href":"https:\/\/la-continuite-devoilee.com\/index.php\/wp-json\/wp\/v2\/users\/1"}],"replies":[{"embeddable":true,"href":"https:\/\/la-continuite-devoilee.com\/index.php\/wp-json\/wp\/v2\/comments?post=436"}],"version-history":[{"count":5,"href":"https:\/\/la-continuite-devoilee.com\/index.php\/wp-json\/wp\/v2\/pages\/436\/revisions"}],"predecessor-version":[{"id":443,"href":"https:\/\/la-continuite-devoilee.com\/index.php\/wp-json\/wp\/v2\/pages\/436\/revisions\/443"}],"wp:attachment":[{"href":"https:\/\/la-continuite-devoilee.com\/index.php\/wp-json\/wp\/v2\/media?parent=436"}],"curies":[{"name":"wp","href":"https:\/\/api.w.org\/{rel}","templated":true}]}}