{"id":336,"date":"2020-02-18T01:27:36","date_gmt":"2020-02-18T00:27:36","guid":{"rendered":"http:\/\/la-continuite-devoilee.com\/?page_id=336"},"modified":"2026-03-27T16:51:47","modified_gmt":"2026-03-27T15:51:47","slug":"porter-amour","status":"publish","type":"page","link":"https:\/\/la-continuite-devoilee.com\/index.php\/porter-amour\/","title":{"rendered":"COMMENT AMPLIFIER, TOUTE AIDE, TOUT SOIN&#8230;"},"content":{"rendered":"\n<p>EN INSTITUANT LA CR\u00c9ATION D&rsquo;UNE CHAINE D&rsquo;AMOUR<br>PORT\u00c9E \u00c0 SON TOUR <br>PAR PAR CELUI, CELLE, CEUX, \u00c0 QUI S&rsquo;ADRESSE L&rsquo;AIDE, LE SOIN<\/p>\n\n\n\n<div class=\"wp-block-buttons is-layout-flex wp-block-buttons-is-layout-flex\">\n<div class=\"wp-block-button\"><a class=\"wp-block-button__link wp-element-button\" href=\"https:\/\/vimeo.com\/224489298\" target=\"_blank\" rel=\"noreferrer noopener\">OUVRIR LA VID\u00c9O<\/a><\/div>\n<\/div>\n\n\n\n<p><\/p>\n\n\n\n<p><\/p>\n\n\n\n<p><\/p>\n\n\n\n<p><\/p>\n","protected":false},"excerpt":{"rendered":"<p>EN INSTITUANT LA CR\u00c9ATION D&rsquo;UNE CHAINE D&rsquo;AMOURPORT\u00c9E \u00c0 SON TOUR PAR PAR CELUI, CELLE, CEUX, \u00c0 QUI S&rsquo;ADRESSE L&rsquo;AIDE, LE SOIN<\/p>\n","protected":false},"author":1,"featured_media":0,"parent":0,"menu_order":0,"comment_status":"closed","ping_status":"closed","template":"","meta":{"footnotes":""},"class_list":["post-336","page","type-page","status-publish","hentry"],"_links":{"self":[{"href":"https:\/\/la-continuite-devoilee.com\/index.php\/wp-json\/wp\/v2\/pages\/336","targetHints":{"allow":["GET"]}}],"collection":[{"href":"https:\/\/la-continuite-devoilee.com\/index.php\/wp-json\/wp\/v2\/pages"}],"about":[{"href":"https:\/\/la-continuite-devoilee.com\/index.php\/wp-json\/wp\/v2\/types\/page"}],"author":[{"embeddable":true,"href":"https:\/\/la-continuite-devoilee.com\/index.php\/wp-json\/wp\/v2\/users\/1"}],"replies":[{"embeddable":true,"href":"https:\/\/la-continuite-devoilee.com\/index.php\/wp-json\/wp\/v2\/comments?post=336"}],"version-history":[{"count":8,"href":"https:\/\/la-continuite-devoilee.com\/index.php\/wp-json\/wp\/v2\/pages\/336\/revisions"}],"predecessor-version":[{"id":1197,"href":"https:\/\/la-continuite-devoilee.com\/index.php\/wp-json\/wp\/v2\/pages\/336\/revisions\/1197"}],"wp:attachment":[{"href":"https:\/\/la-continuite-devoilee.com\/index.php\/wp-json\/wp\/v2\/media?parent=336"}],"curies":[{"name":"wp","href":"https:\/\/api.w.org\/{rel}","templated":true}]}}