{"id":2,"date":"2020-02-03T17:59:37","date_gmt":"2020-02-03T16:59:37","guid":{"rendered":"http:\/\/la-continuite-devoilee.com\/?page_id=2"},"modified":"2022-12-20T19:54:20","modified_gmt":"2022-12-20T18:54:20","slug":"page-d-exemple","status":"publish","type":"page","link":"https:\/\/la-continuite-devoilee.com\/","title":{"rendered":"PR\u00c9SENTATION"},"content":{"rendered":"\n<p class=\"has-light-green-cyan-color has-text-color\"><strong>L&rsquo;ENSEMBLE <br>DES DOCUMENTS PR\u00c9SENT\u00c9S ICI,<br>ONT \u00c9T\u00c9S RECUEILLIS<\/strong><\/p>\n\n\n\n<p class=\"has-luminous-vivid-amber-color has-text-color\"><strong>&nbsp;<em>par \u201cun scribe\u201d, <br> par \u201cun transcripteur\u201d,<\/em><\/strong><br><br>  <strong><em>recevant&nbsp;<\/em><\/strong><br> <strong><em>par \u00ab\u00a0channelling\u00a0\u00bb, <br><\/em><\/strong> <strong><em>par&nbsp; canalisation,<\/em><\/strong><br><strong> des communications<br> recueillies <\/strong><br><strong>aupr\u00e8s du <\/strong><\/p>\n\n\n\n<p class=\"has-light-green-cyan-color has-text-color\"><strong>PREMIER ANGE AMOUR<\/strong><\/p>\n\n\n\n<p class=\"has-luminous-vivid-amber-color has-text-color\"><strong>LA  FINALIT\u00c9<\/strong><br>     DES PAROLES, <br>     DES MESSAGES,<br>     DES TEXTES,<br>     DES VISUELS,<br>          AINSI RECUEILLIS<br><strong>S&rsquo;AV\u00c8RE \u00caTRE <\/strong><br><strong>DE <\/strong><br><strong>R\u00c9V\u00c9LER<\/strong><\/p>\n\n\n\n<p class=\"has-light-green-cyan-color has-text-color\"><strong>LA CONTINUIT\u00c9 DE L&rsquo;AMOUR <br>AU DEL\u00c0 <\/strong><br><strong>DE L&rsquo;EXISTENCE MAT\u00c9RIELLE<\/strong><\/p>\n\n\n\n<figure class=\"wp-block-image size-full is-resized\"><img loading=\"lazy\" decoding=\"async\" src=\"http:\/\/la-continuite-devoilee.com\/wp-content\/uploads\/2020\/03\/G_PROPOS_TRANSCRITS_K3.png\" alt=\"\" class=\"wp-image-637\" width=\"165\" height=\"256\" srcset=\"https:\/\/la-continuite-devoilee.com\/wp-content\/uploads\/2020\/03\/G_PROPOS_TRANSCRITS_K3.png 263w, https:\/\/la-continuite-devoilee.com\/wp-content\/uploads\/2020\/03\/G_PROPOS_TRANSCRITS_K3-193x300.png 193w\" sizes=\"auto, (max-width: 165px) 100vw, 165px\" \/><figcaption class=\"wp-element-caption\"><a href=\"http:\/\/la-continuite-devoilee.com\/wp-content\/uploads\/2022\/12\/PROPOS-RECUEILLIS_letranscripteur_2022_08_16.pdf\">http:\/\/la-continuite-devoilee.com\/wp-content\/uploads\/2022\/12\/PROPOS-RECUEILLIS_letranscripteur_2022_08_16.pdf<\/a><\/figcaption><\/figure>\n\n\n\n<div class=\"wp-block-buttons is-layout-flex wp-block-buttons-is-layout-flex\">\n<div class=\"wp-block-button\"><a class=\"wp-block-button__link wp-element-button\" href=\"http:\/\/la-continuite-devoilee.com\/wp-content\/uploads\/2022\/12\/PROPOS-RECUEILLIS_letranscripteur_2022_08_16.pdf\" target=\"_blank\" rel=\"noreferrer noopener\">CLIQUEZ  ICI <br>pour ouvrir <br>des propos recueillis<\/a><\/div>\n<\/div>\n\n\n\n<p><strong><br> <\/strong><\/p>\n","protected":false},"excerpt":{"rendered":"<p>L&rsquo;ENSEMBLE DES DOCUMENTS PR\u00c9SENT\u00c9S ICI,ONT \u00c9T\u00c9S RECUEILLIS &nbsp;par \u201cun scribe\u201d, par \u201cun transcripteur\u201d, recevant&nbsp; par \u00ab\u00a0channelling\u00a0\u00bb, par&nbsp; canalisation, des communications recueillies aupr\u00e8s du PREMIER ANGE AMOUR LA FINALIT\u00c9 DES PAROLES, DES MESSAGES, DES TEXTES, DES VISUELS, AINSI RECUEILLISS&rsquo;AV\u00c8RE \u00caTRE DE R\u00c9V\u00c9LER LA CONTINUIT\u00c9 DE L&rsquo;AMOUR AU DEL\u00c0 DE L&rsquo;EXISTENCE MAT\u00c9RIELLE<\/p>\n","protected":false},"author":1,"featured_media":0,"parent":0,"menu_order":1,"comment_status":"closed","ping_status":"closed","template":"","meta":{"footnotes":""},"class_list":["post-2","page","type-page","status-publish","hentry"],"_links":{"self":[{"href":"https:\/\/la-continuite-devoilee.com\/index.php\/wp-json\/wp\/v2\/pages\/2","targetHints":{"allow":["GET"]}}],"collection":[{"href":"https:\/\/la-continuite-devoilee.com\/index.php\/wp-json\/wp\/v2\/pages"}],"about":[{"href":"https:\/\/la-continuite-devoilee.com\/index.php\/wp-json\/wp\/v2\/types\/page"}],"author":[{"embeddable":true,"href":"https:\/\/la-continuite-devoilee.com\/index.php\/wp-json\/wp\/v2\/users\/1"}],"replies":[{"embeddable":true,"href":"https:\/\/la-continuite-devoilee.com\/index.php\/wp-json\/wp\/v2\/comments?post=2"}],"version-history":[{"count":20,"href":"https:\/\/la-continuite-devoilee.com\/index.php\/wp-json\/wp\/v2\/pages\/2\/revisions"}],"predecessor-version":[{"id":1009,"href":"https:\/\/la-continuite-devoilee.com\/index.php\/wp-json\/wp\/v2\/pages\/2\/revisions\/1009"}],"wp:attachment":[{"href":"https:\/\/la-continuite-devoilee.com\/index.php\/wp-json\/wp\/v2\/media?parent=2"}],"curies":[{"name":"wp","href":"https:\/\/api.w.org\/{rel}","templated":true}]}}