{"id":18,"date":"2020-02-03T18:24:26","date_gmt":"2020-02-03T17:24:26","guid":{"rendered":"http:\/\/la-continuite-devoilee.com\/?page_id=18"},"modified":"2020-02-25T12:28:31","modified_gmt":"2020-02-25T11:28:31","slug":"temoigner","status":"publish","type":"page","link":"https:\/\/la-continuite-devoilee.com\/index.php\/temoigner\/","title":{"rendered":"T\u00c9MOIGNER"},"content":{"rendered":"\n<figure class=\"wp-block-image size-large is-resized\"><img loading=\"lazy\" decoding=\"async\" src=\"http:\/\/la-continuite-devoilee.com\/wp-content\/uploads\/2020\/02\/J_TEMOIGNAGE-SEUL_K3.png\" alt=\"\" class=\"wp-image-119\" width=\"749\" height=\"1300\" srcset=\"https:\/\/la-continuite-devoilee.com\/wp-content\/uploads\/2020\/02\/J_TEMOIGNAGE-SEUL_K3.png 259w, https:\/\/la-continuite-devoilee.com\/wp-content\/uploads\/2020\/02\/J_TEMOIGNAGE-SEUL_K3-173x300.png 173w\" sizes=\"auto, (max-width: 706px) 89vw, (max-width: 767px) 82vw, 740px\" \/><\/figure>\n\n\n\n<p class=\"has-text-color has-background has-luminous-vivid-amber-color has-very-dark-gray-background-color\">\/   PAROLES D&rsquo;ARBRES, DE PLANTES&#8230;..<\/p>\n\n\n\n<figure class=\"wp-block-image size-large is-resized\"><img loading=\"lazy\" decoding=\"async\" src=\"http:\/\/la-continuite-devoilee.com\/wp-content\/uploads\/2020\/02\/TEMOIGNER_OUVERTURE_k.jpg\" alt=\"\" class=\"wp-image-417\" width=\"654\" height=\"299\" srcset=\"https:\/\/la-continuite-devoilee.com\/wp-content\/uploads\/2020\/02\/TEMOIGNER_OUVERTURE_k.jpg 560w, https:\/\/la-continuite-devoilee.com\/wp-content\/uploads\/2020\/02\/TEMOIGNER_OUVERTURE_k-300x137.jpg 300w\" sizes=\"auto, (max-width: 654px) 100vw, 654px\" \/><\/figure>\n\n\n\n<p class=\"has-text-color has-pale-cyan-blue-color\"><br><a href=\"http:\/\/la-continuite-devoilee.com\/index.php\/temoigner-paroles-darbres-de-plantes\/\">http:\/\/la-continuite-devoilee.com\/index.php\/temoigner-paroles-darbres-de-plantes\/<\/a><br><\/p>\n\n\n\n<p class=\"has-text-color has-background has-luminous-vivid-amber-color has-very-dark-gray-background-color\"><strong>\/    LA CONTINUIT\u00c9 D\u00c9VOIL\u00c9E<\/strong><\/p>\n\n\n\n<figure class=\"wp-block-image size-large is-resized\"><img loading=\"lazy\" decoding=\"async\" src=\"http:\/\/la-continuite-devoilee.com\/wp-content\/uploads\/2020\/02\/TEMOIGNER_CONTINUITE_k.jpg\" alt=\"\" class=\"wp-image-418\" width=\"650\" height=\"297\" srcset=\"https:\/\/la-continuite-devoilee.com\/wp-content\/uploads\/2020\/02\/TEMOIGNER_CONTINUITE_k.jpg 560w, https:\/\/la-continuite-devoilee.com\/wp-content\/uploads\/2020\/02\/TEMOIGNER_CONTINUITE_k-300x137.jpg 300w\" sizes=\"auto, (max-width: 650px) 100vw, 650px\" \/><\/figure>\n\n\n\n<p class=\"has-text-color has-background has-luminous-vivid-amber-color has-very-dark-gray-background-color\"><strong>\/   LE CONTACT,  LE DIALOGUE<\/strong><\/p>\n\n\n\n<figure class=\"wp-block-image size-large is-resized\"><img loading=\"lazy\" decoding=\"async\" src=\"http:\/\/la-continuite-devoilee.com\/wp-content\/uploads\/2020\/02\/TEMOIGNER_CONTACT_LOGO_k.jpg\" alt=\"\" class=\"wp-image-420\" width=\"652\" height=\"297\" srcset=\"https:\/\/la-continuite-devoilee.com\/wp-content\/uploads\/2020\/02\/TEMOIGNER_CONTACT_LOGO_k.jpg 560w, https:\/\/la-continuite-devoilee.com\/wp-content\/uploads\/2020\/02\/TEMOIGNER_CONTACT_LOGO_k-300x137.jpg 300w\" sizes=\"auto, (max-width: 652px) 100vw, 652px\" \/><\/figure>\n\n\n\n<p class=\"has-text-color has-background has-luminous-vivid-amber-color has-very-dark-gray-background-color\"><strong>\/ &#8230;&#8230;<\/strong><\/p>\n","protected":false},"excerpt":{"rendered":"<p>\/ PAROLES D&rsquo;ARBRES, DE PLANTES&#8230;.. http:\/\/la-continuite-devoilee.com\/index.php\/temoigner-paroles-darbres-de-plantes\/ \/ LA CONTINUIT\u00c9 D\u00c9VOIL\u00c9E \/ LE CONTACT, LE DIALOGUE \/ &#8230;&#8230;<\/p>\n","protected":false},"author":1,"featured_media":0,"parent":0,"menu_order":8,"comment_status":"closed","ping_status":"closed","template":"","meta":{"footnotes":""},"class_list":["post-18","page","type-page","status-publish","hentry"],"_links":{"self":[{"href":"https:\/\/la-continuite-devoilee.com\/index.php\/wp-json\/wp\/v2\/pages\/18","targetHints":{"allow":["GET"]}}],"collection":[{"href":"https:\/\/la-continuite-devoilee.com\/index.php\/wp-json\/wp\/v2\/pages"}],"about":[{"href":"https:\/\/la-continuite-devoilee.com\/index.php\/wp-json\/wp\/v2\/types\/page"}],"author":[{"embeddable":true,"href":"https:\/\/la-continuite-devoilee.com\/index.php\/wp-json\/wp\/v2\/users\/1"}],"replies":[{"embeddable":true,"href":"https:\/\/la-continuite-devoilee.com\/index.php\/wp-json\/wp\/v2\/comments?post=18"}],"version-history":[{"count":13,"href":"https:\/\/la-continuite-devoilee.com\/index.php\/wp-json\/wp\/v2\/pages\/18\/revisions"}],"predecessor-version":[{"id":451,"href":"https:\/\/la-continuite-devoilee.com\/index.php\/wp-json\/wp\/v2\/pages\/18\/revisions\/451"}],"wp:attachment":[{"href":"https:\/\/la-continuite-devoilee.com\/index.php\/wp-json\/wp\/v2\/media?parent=18"}],"curies":[{"name":"wp","href":"https:\/\/api.w.org\/{rel}","templated":true}]}}