{"id":176,"date":"2020-02-16T01:03:19","date_gmt":"2020-02-16T00:03:19","guid":{"rendered":"http:\/\/la-continuite-devoilee.com\/?page_id=176"},"modified":"2026-03-27T16:42:56","modified_gmt":"2026-03-27T15:42:56","slug":"la-source-amour","status":"publish","type":"page","link":"https:\/\/la-continuite-devoilee.com\/index.php\/la-source-amour\/","title":{"rendered":"LA SOURCE AMOUR"},"content":{"rendered":"\n<p>CR\u00c9ER DIEU PAR TOUT AMOUR PORT\u00c9<\/p>\n\n\n\n<p><\/p>\n\n\n\n<p><\/p>\n\n\n\n<figure class=\"wp-block-image size-large is-resized\"><img loading=\"lazy\" decoding=\"async\" width=\"411\" height=\"255\" src=\"http:\/\/la-continuite-devoilee.com\/wp-content\/uploads\/2020\/02\/OUVERTUREversPLUS_K3.jpg\" alt=\"\" class=\"wp-image-177\" style=\"width:819px;height:509px\" srcset=\"https:\/\/la-continuite-devoilee.com\/wp-content\/uploads\/2020\/02\/OUVERTUREversPLUS_K3.jpg 411w, https:\/\/la-continuite-devoilee.com\/wp-content\/uploads\/2020\/02\/OUVERTUREversPLUS_K3-300x186.jpg 300w\" sizes=\"auto, (max-width: 411px) 100vw, 411px\" \/><\/figure>\n\n\n\n<p class=\"has-light-green-cyan-color has-text-color\"><strong>LA SOURCE AMOUR<\/strong><\/p>\n\n\n\n<p class=\"has-luminous-vivid-amber-color has-text-color\">REPR\u00c9SENTE <br>CE, QUE DEPUIS TOUJOURS,<\/p>\n\n\n\n<p class=\"has-luminous-vivid-amber-color has-text-color\"><br>TOUT \u00caTRE, <br>TOUTE CULTURE<\/p>\n\n\n\n<p class=\"has-luminous-vivid-amber-color has-text-color\">CONSID\u00c8RE<br>COMME \u00c9TANT <\/p>\n\n\n\n<p class=\"has-text-align-left has-luminous-vivid-amber-color has-text-color\">\u00c0 L&rsquo;ORIGINE <br>DE TOUTE VIE <br>DE TOUTE FORME <br>EXISTANTE. <\/p>\n\n\n\n<p class=\"has-light-green-cyan-color has-text-color\"><strong>LA SOURCE AMOUR<\/strong><\/p>\n\n\n\n<p class=\"has-luminous-vivid-amber-color has-text-color\">REPR\u00c9SENTE <br>CE, QUE DEPUIS TOUJOURS, <br><br>TOUT \u00caTRE, <br>TOUTE CULTURE<\/p>\n\n\n\n<p class=\"has-luminous-vivid-amber-color has-text-color\">CONSID\u00c8RE COMME LE BUT ULTIME \u00c0 ATTEINDRE <br><br><br><br><\/p>\n\n\n\n<p class=\"has-light-green-cyan-color has-text-color\"><strong><strong>LA SOURCE AMOUR<\/strong><\/strong><\/p>\n\n\n\n<p class=\"has-text-align-center has-luminous-vivid-amber-color has-text-color\"><strong>EST ORIGINE<\/strong><\/p>\n\n\n\n<p class=\"has-text-align-left has-light-green-cyan-color has-text-color\"><br><strong><strong>LA SOURCE AMOUR<\/strong><\/strong><\/p>\n\n\n\n<p class=\"has-text-align-center has-luminous-vivid-amber-color has-text-color\"><strong>EST FINALIT\u00c9<\/strong><\/p>\n\n\n\n<p class=\"has-light-green-cyan-color has-text-color\"><br><br><strong><strong>LA SOURCE AMOUR<\/strong><\/strong><\/p>\n\n\n\n<p class=\"has-text-align-center has-luminous-vivid-amber-color has-text-color\"><strong>EST AMOUR ACTIF<\/strong><\/p>\n\n\n\n<p class=\"has-light-green-cyan-color has-text-color\"><strong><strong>LA SOURCE AMOUR<\/strong><\/strong><\/p>\n\n\n\n<p class=\"has-text-align-center has-luminous-vivid-amber-color has-text-color\"><strong>EST AMOUR OFFERT<\/strong><\/p>\n\n\n\n<p class=\"has-light-green-cyan-color has-text-color\"><strong><strong>LA SOURCE AMOUR<\/strong><\/strong><\/p>\n\n\n\n<p class=\"has-text-align-center has-luminous-vivid-amber-color has-text-color\"><strong>SE CONSTITUE<br>DE CHAQUE AMOUR EXISTANT<\/strong><\/p>\n\n\n\n<p class=\"has-text-align-center has-luminous-vivid-amber-color has-text-color\"><strong>PER\u00c7U,<br>RE\u00c7U ,<br>PORT\u00c9 <\/strong><\/p>\n\n\n\n<p class=\"has-light-green-cyan-color has-text-color\"><strong><strong>LA SOURCE AMOUR<\/strong><\/strong><\/p>\n\n\n\n<p class=\"has-text-align-center has-luminous-vivid-amber-color has-text-color\"><strong>PORTE AMOUR<\/strong><br><strong><br>\u00c0 TOUT \u00caTRE,<\/strong><br><strong><br>\u00c0 TOUTE EXISTENCE,<\/strong><br><strong><br>\u00c0 TOUT CE QUI <\/strong><br><strong><br>PEUT CONTRIBUER <br>\u00c0 SUGG\u00c9RER<\/strong><br><strong>DE PORTER AMOUR,<\/strong><br><strong><br>\u00c0 CR\u00c9ER AMOUR,<\/strong><br><br><strong>\u00c0 FAIRE &lsquo;EXISTER&rsquo; AMOUR<\/strong><\/p>\n\n\n\n<p class=\"has-light-green-cyan-color has-text-color\"><strong><strong>LA SOURCE AMOUR<\/strong><\/strong><\/p>\n\n\n\n<p class=\"has-text-align-center has-luminous-vivid-amber-color has-text-color\"><strong>EST AU DEL\u00c0 <\/strong><br><strong>DE TOUTE MATI\u00c8RE<\/strong><br><\/p>\n\n\n\n<p class=\"has-light-green-cyan-color has-text-color\"><strong><strong>LA SOURCE AMOUR<\/strong><\/strong><\/p>\n\n\n\n<p class=\"has-text-align-center has-luminous-vivid-amber-color has-text-color\"><strong>EST AU DEL\u00c0<br> DE TOUTE EXISTENCE,<br> DE TOUTE DESTRUCTION<\/strong><br><strong>MAT\u00c9RIELLE<\/strong><\/p>\n\n\n\n<p class=\"has-text-align-center has-luminous-vivid-amber-color has-text-color\"><br><\/p>\n\n\n\n<p class=\"has-text-align-left has-light-green-cyan-color has-text-color\"><strong><strong>LA SOURCE AMOUR<\/strong><\/strong><\/p>\n\n\n\n<p class=\"has-text-align-center has-luminous-vivid-amber-color has-text-color\"><strong>SE CONSTITUE <br>DE CHAQUE AMOUR <\/strong><br><strong>EXISTANT<br>PORT\u00c9<\/strong><br><\/p>\n\n\n\n<p class=\"has-text-align-center has-luminous-vivid-amber-color has-text-color\"><strong>CHAQUE EXISTENCE D&rsquo;AMOUR<br>AMPLIFIE<\/strong><br><strong><strong>LA SOURCE AMOUR<\/strong><\/strong><br><br><\/p>\n\n\n\n<p class=\"has-text-align-center has-light-green-cyan-color has-text-color\"><strong><strong>LA SOURCE AMOUR<\/strong><\/strong><\/p>\n\n\n\n<p class=\"has-text-align-center has-luminous-vivid-amber-color has-text-color\"><strong>SE CONSTITUE <br> DE CHAQUE INSTANT D&rsquo;AMOUR <\/strong><br><br><strong>TOUT INSTANT D&rsquo;AMOUR<\/strong><br><strong>VIENT AINSI<\/strong> <br><br>\u00ab\u00a0<strong>CR\u00c9ER DIEU<\/strong>\u00ab\u00a0<br><br><br><br><br><\/p>\n\n\n\n<p class=\"has-text-align-center\"><em>VOIL\u00c0 AINSI R\u00c9V\u00c9L\u00c9<\/em><\/p>\n\n\n\n<p class=\"has-text-align-center has-light-green-cyan-color has-very-dark-gray-background-color has-text-color has-background\"><em><strong> LA CONTINUIT\u00c9 DE L&rsquo;AMOUR<\/strong><\/em><\/p>\n\n\n\n<p class=\"has-text-align-center\"><em>AU DEL\u00c0  DE TOUTE EXISTENCE MAT\u00c9RIELLE<br>ET SA PERMANENCE<\/em> <em>ACTIVE<\/em><\/p>\n\n\n\n<p class=\"has-text-align-right has-light-green-cyan-color has-text-color\"><br><br><br><br><br><br><\/p>\n","protected":false},"excerpt":{"rendered":"<p>CR\u00c9ER DIEU PAR TOUT AMOUR PORT\u00c9 LA SOURCE AMOUR REPR\u00c9SENTE CE, QUE DEPUIS TOUJOURS, TOUT \u00caTRE, TOUTE CULTURE CONSID\u00c8RECOMME \u00c9TANT \u00c0 L&rsquo;ORIGINE DE TOUTE VIE DE TOUTE FORME EXISTANTE. LA SOURCE AMOUR REPR\u00c9SENTE CE, QUE DEPUIS TOUJOURS, TOUT \u00caTRE, TOUTE CULTURE CONSID\u00c8RE COMME LE BUT ULTIME \u00c0 ATTEINDRE LA SOURCE AMOUR EST ORIGINE LA SOURCE &hellip; <\/p>\n<p class=\"link-more\"><a href=\"https:\/\/la-continuite-devoilee.com\/index.php\/la-source-amour\/\" class=\"more-link\">Continuer la lecture<span class=\"screen-reader-text\"> de &laquo;&nbsp;LA SOURCE AMOUR&nbsp;&raquo;<\/span><\/a><\/p>\n","protected":false},"author":1,"featured_media":0,"parent":0,"menu_order":0,"comment_status":"closed","ping_status":"closed","template":"","meta":{"footnotes":""},"class_list":["post-176","page","type-page","status-publish","hentry"],"_links":{"self":[{"href":"https:\/\/la-continuite-devoilee.com\/index.php\/wp-json\/wp\/v2\/pages\/176","targetHints":{"allow":["GET"]}}],"collection":[{"href":"https:\/\/la-continuite-devoilee.com\/index.php\/wp-json\/wp\/v2\/pages"}],"about":[{"href":"https:\/\/la-continuite-devoilee.com\/index.php\/wp-json\/wp\/v2\/types\/page"}],"author":[{"embeddable":true,"href":"https:\/\/la-continuite-devoilee.com\/index.php\/wp-json\/wp\/v2\/users\/1"}],"replies":[{"embeddable":true,"href":"https:\/\/la-continuite-devoilee.com\/index.php\/wp-json\/wp\/v2\/comments?post=176"}],"version-history":[{"count":43,"href":"https:\/\/la-continuite-devoilee.com\/index.php\/wp-json\/wp\/v2\/pages\/176\/revisions"}],"predecessor-version":[{"id":1193,"href":"https:\/\/la-continuite-devoilee.com\/index.php\/wp-json\/wp\/v2\/pages\/176\/revisions\/1193"}],"wp:attachment":[{"href":"https:\/\/la-continuite-devoilee.com\/index.php\/wp-json\/wp\/v2\/media?parent=176"}],"curies":[{"name":"wp","href":"https:\/\/api.w.org\/{rel}","templated":true}]}}