{"id":172,"date":"2020-02-16T00:54:25","date_gmt":"2020-02-15T23:54:25","guid":{"rendered":"http:\/\/la-continuite-devoilee.com\/?page_id=172"},"modified":"2026-03-27T16:22:20","modified_gmt":"2026-03-27T15:22:20","slug":"anges-ames-guides","status":"publish","type":"page","link":"https:\/\/la-continuite-devoilee.com\/index.php\/anges-ames-guides\/","title":{"rendered":"LES AUTEURS"},"content":{"rendered":"\n<p class=\"has-luminous-vivid-amber-color has-text-color\"><strong>LA SOURCE AMOUR<\/strong><\/p>\n\n\n\n<p class=\"has-luminous-vivid-amber-color has-text-color\"><strong>LES AUTEURS<\/strong><\/p>\n\n\n\n<p class=\"has-text-align-left has-luminous-vivid-amber-color has-text-color\"><em>DES \u2018PAROLES\u2019,&nbsp;<br>DES TEXTES,<br>DES VISUELS,<br>PR\u00c9SENT\u00c9S<\/em><br><em>DANS CE DOCUMENT<\/em><\/p>\n\n\n\n<p class=\"has-luminous-vivid-amber-color has-text-color\">SONT CEUX<br>QUI R\u00c9ALISENT<br>L&rsquo;ACCOMPAGNEMENT<br><br>AU SEIN DE <strong>\u2018LA CONTINUIT\u00c9 DE L\u2019AMOUR\u2019<\/strong><\/p>\n\n\n\n<p class=\"has-luminous-vivid-amber-color has-text-color\"><br><br>CE SONT :<\/p>\n\n\n\n<p class=\"has-light-green-cyan-color has-text-color\"><strong> LES \u00caTRES DE LUMI\u00c8RE<\/strong><\/p>\n\n\n\n<p class=\"has-light-green-cyan-color has-text-color\"><strong> LES \u00c2MES GUIDES <\/strong><\/p>\n\n\n\n<p class=\"has-light-green-cyan-color has-text-color\"> <strong>LE DHARMA<\/strong><\/p>\n\n\n\n<p class=\"has-light-green-cyan-color has-text-color\"><strong> LES ANGES<\/strong><\/p>\n\n\n\n<p class=\"has-text-align-left has-luminous-vivid-amber-color has-text-color\"><br><\/p>\n\n\n\n<p><\/p>\n\n\n\n<p class=\"has-vivid-cyan-blue-color has-text-color\"><\/p>\n\n\n\n<p><\/p>\n\n\n\n<p class=\"has-luminous-vivid-amber-color has-text-color\"><br><\/p>\n\n\n\n<p class=\"has-vivid-cyan-blue-color has-text-color\"><\/p>\n\n\n\n<p><\/p>\n\n\n\n<p><\/p>\n\n\n\n<p><\/p>\n\n\n\n<h2 class=\"wp-block-heading\"><\/h2>\n\n\n\n<h2 class=\"wp-block-heading\"><\/h2>\n","protected":false},"excerpt":{"rendered":"<p>LA SOURCE AMOUR LES AUTEURS DES \u2018PAROLES\u2019,&nbsp;DES TEXTES,DES VISUELS,PR\u00c9SENT\u00c9SDANS CE DOCUMENT SONT CEUXQUI R\u00c9ALISENTL&rsquo;ACCOMPAGNEMENT AU SEIN DE \u2018LA CONTINUIT\u00c9 DE L\u2019AMOUR\u2019 CE SONT : LES \u00caTRES DE LUMI\u00c8RE LES \u00c2MES GUIDES LE DHARMA LES ANGES<\/p>\n","protected":false},"author":1,"featured_media":0,"parent":0,"menu_order":0,"comment_status":"closed","ping_status":"closed","template":"","meta":{"footnotes":""},"class_list":["post-172","page","type-page","status-publish","hentry"],"_links":{"self":[{"href":"https:\/\/la-continuite-devoilee.com\/index.php\/wp-json\/wp\/v2\/pages\/172","targetHints":{"allow":["GET"]}}],"collection":[{"href":"https:\/\/la-continuite-devoilee.com\/index.php\/wp-json\/wp\/v2\/pages"}],"about":[{"href":"https:\/\/la-continuite-devoilee.com\/index.php\/wp-json\/wp\/v2\/types\/page"}],"author":[{"embeddable":true,"href":"https:\/\/la-continuite-devoilee.com\/index.php\/wp-json\/wp\/v2\/users\/1"}],"replies":[{"embeddable":true,"href":"https:\/\/la-continuite-devoilee.com\/index.php\/wp-json\/wp\/v2\/comments?post=172"}],"version-history":[{"count":46,"href":"https:\/\/la-continuite-devoilee.com\/index.php\/wp-json\/wp\/v2\/pages\/172\/revisions"}],"predecessor-version":[{"id":1189,"href":"https:\/\/la-continuite-devoilee.com\/index.php\/wp-json\/wp\/v2\/pages\/172\/revisions\/1189"}],"wp:attachment":[{"href":"https:\/\/la-continuite-devoilee.com\/index.php\/wp-json\/wp\/v2\/media?parent=172"}],"curies":[{"name":"wp","href":"https:\/\/api.w.org\/{rel}","templated":true}]}}